{"id":61,"date":"2025-08-22T18:21:02","date_gmt":"2025-08-22T18:21:02","guid":{"rendered":"https:\/\/showcase.amgitsupport.se\/?page_id=61"},"modified":"2025-10-12T20:58:24","modified_gmt":"2025-10-12T20:58:24","slug":"about-us","status":"publish","type":"page","link":"https:\/\/showcase.amgitsupport.se\/?page_id=61","title":{"rendered":"About us"},"content":{"rendered":"<p>[et_pb_section fb_built=&#8221;1&#8243; admin_label=&#8221;Our Team&#8221; _builder_version=&#8221;4.27.4&#8243; background_color=&#8221;#2e2d2d&#8221; custom_padding=&#8221;8px||90px|||&#8221; da_disable_devices=&#8221;off|off|off&#8221; global_colors_info=&#8221;{}&#8221; da_is_popup=&#8221;off&#8221; da_exit_intent=&#8221;off&#8221; da_has_close=&#8221;on&#8221; da_alt_close=&#8221;off&#8221; da_dark_close=&#8221;off&#8221; da_not_modal=&#8221;on&#8221; da_is_singular=&#8221;off&#8221; da_with_loader=&#8221;off&#8221; da_has_shadow=&#8221;on&#8221;][et_pb_row _builder_version=&#8221;4.16&#8243; background_size=&#8221;initial&#8221; background_position=&#8221;top_left&#8221; background_repeat=&#8221;repeat&#8221; custom_width_px=&#8221;710px&#8221; locked=&#8221;off&#8221; global_colors_info=&#8221;{}&#8221;][et_pb_column type=&#8221;4_4&#8243; _builder_version=&#8221;4.16&#8243; background_position=&#8221;top_left&#8221; custom_padding=&#8221;|||&#8221; global_colors_info=&#8221;{}&#8221; custom_padding__hover=&#8221;|||&#8221;][et_pb_text admin_label=&#8221;Team Section Title&#8221; _builder_version=&#8221;4.27.4&#8243; text_font=&#8221;&#8211;et_global_heading_font|500|||||||&#8221; text_text_color=&#8221;#FFFFFF&#8221; header_font=&#8221;&#8211;et_global_heading_font||||||||&#8221; header_text_color=&#8221;#FFFFFF&#8221; header_font_size=&#8221;36px&#8221; header_2_font=&#8221;&#8211;et_global_body_font|300|||||||&#8221; header_2_text_color=&#8221;#FFFFFF&#8221; text_orientation=&#8221;center&#8221; max_width=&#8221;710px&#8221; module_alignment=&#8221;center&#8221; animation_style=&#8221;fold&#8221; animation_direction=&#8221;bottom&#8221; animation_intensity_fold=&#8221;20%&#8221; global_colors_info=&#8221;{}&#8221;]<\/p>\n<h2><span>Vi jobbar p\u00e5<\/span><\/h2>\n<h1>AGLAIA EKONOMI<\/h1>\n<p>[\/et_pb_text][et_pb_image src=&#8221;https:\/\/showcase.amgitsupport.se\/wp-content\/uploads\/2025\/09\/Gruppbild.jpg&#8221; title_text=&#8221;Gruppbild&#8221; align=&#8221;center&#8221; _builder_version=&#8221;4.27.4&#8243; _module_preset=&#8221;default&#8221; max_height=&#8221;100%&#8221; max_height_tablet=&#8221;100%&#8221; max_height_phone=&#8221;100%&#8221; max_height_last_edited=&#8221;on|phone&#8221; global_colors_info=&#8221;{}&#8221;][\/et_pb_image][\/et_pb_column][\/et_pb_row][et_pb_row column_structure=&#8221;1_3,1_3,1_3&#8243; use_custom_gutter=&#8221;on&#8221; gutter_width=&#8221;2&#8243; _builder_version=&#8221;4.16&#8243; background_size=&#8221;initial&#8221; background_position=&#8221;top_left&#8221; background_repeat=&#8221;repeat&#8221; custom_padding=&#8221;44px|0px|27px|0px&#8221; global_colors_info=&#8221;{}&#8221;][et_pb_column type=&#8221;1_3&#8243; _builder_version=&#8221;4.16&#8243; custom_padding=&#8221;|||&#8221; global_colors_info=&#8221;{}&#8221; custom_padding__hover=&#8221;|||&#8221;][et_pb_team_member name=&#8221;Maria&#8221; image_url=&#8221;https:\/\/showcase.amgitsupport.se\/wp-content\/uploads\/2025\/09\/Maria-rotated.jpg&#8221; facebook_url=&#8221;mailto:maria@aglaia.se&#8221; icon_color=&#8221;#4b753b&#8221; admin_label=&#8221;Member 01&#8243; _builder_version=&#8221;4.27.4&#8243; header_font=&#8221;&#8211;et_global_body_font||on||||||&#8221; header_text_color=&#8221;#FFFFFF&#8221; header_font_size=&#8221;25px&#8221; header_line_height=&#8221;2em&#8221; body_text_color=&#8221;#666666&#8243; body_font_size=&#8221;16px&#8221; background_size=&#8221;initial&#8221; background_position=&#8221;top_left&#8221; background_repeat=&#8221;repeat&#8221; text_orientation=&#8221;center&#8221; background_layout=&#8221;dark&#8221; custom_padding=&#8221;|||&#8221; animation_style=&#8221;fold&#8221; animation_direction=&#8221;bottom&#8221; animation_delay=&#8221;100ms&#8221; animation_intensity_fold=&#8221;20%&#8221; hover_enabled=&#8221;0&#8243; custom_css_free_form=&#8221;selector .et_pb_facebook_icon:before {||    content: %22%92e010%22!important;||}&#8221; global_colors_info=&#8221;{}&#8221; sticky_enabled=&#8221;0&#8243;]<\/p>\n<h6>Auktoriserad<\/h6>\n<h6>Redovisningskonsult<\/h6>\n<h6>Aff\u00e4rsr\u00e5dgivare<\/h6>\n<p>[\/et_pb_team_member][\/et_pb_column][et_pb_column type=&#8221;1_3&#8243; _builder_version=&#8221;4.16&#8243; custom_padding=&#8221;|||&#8221; global_colors_info=&#8221;{}&#8221; custom_padding__hover=&#8221;|||&#8221;][et_pb_team_member name=&#8221;\u00c5sa&#8221; image_url=&#8221;https:\/\/showcase.amgitsupport.se\/wp-content\/uploads\/2025\/09\/Asa-rotated.jpg&#8221; facebook_url=&#8221;mailto:asa@aglaia.se&#8221; icon_color=&#8221;#4b753b&#8221; use_icon_font_size=&#8221;on&#8221; icon_font_size=&#8221;20px&#8221; admin_label=&#8221;Member 01&#8243; _builder_version=&#8221;4.27.4&#8243; header_font=&#8221;&#8211;et_global_body_font||on||||||&#8221; header_text_color=&#8221;#FFFFFF&#8221; header_font_size=&#8221;25px&#8221; header_line_height=&#8221;2em&#8221; body_text_color=&#8221;#666666&#8243; body_font_size=&#8221;16px&#8221; background_size=&#8221;initial&#8221; background_position=&#8221;top_left&#8221; background_repeat=&#8221;repeat&#8221; text_orientation=&#8221;center&#8221; background_layout=&#8221;dark&#8221; custom_padding=&#8221;|||&#8221; animation_style=&#8221;fold&#8221; animation_direction=&#8221;bottom&#8221; animation_delay=&#8221;100ms&#8221; animation_intensity_fold=&#8221;20%&#8221; custom_css_free_form=&#8221;.et_pb_member_social_links .et_pb_facebook_icon:before {||    content: &#8216;%92e010&#8217;!important;||  color: #4b753b;||}&#8221; locked=&#8221;off&#8221; global_colors_info=&#8221;{}&#8221;]<\/p>\n<h6>Auktoriserad<\/h6>\n<h6>Redovisningskonsult<\/h6>\n<h6>Aff\u00e4rsr\u00e5dgivare<\/h6>\n<p>[\/et_pb_team_member][\/et_pb_column][et_pb_column type=&#8221;1_3&#8243; _builder_version=&#8221;4.16&#8243; custom_padding=&#8221;|||&#8221; global_colors_info=&#8221;{}&#8221; custom_padding__hover=&#8221;|||&#8221;][et_pb_team_member name=&#8221;Mikaela&#8221; image_url=&#8221;https:\/\/showcase.amgitsupport.se\/wp-content\/uploads\/2025\/09\/Mikaela-rotated.jpg&#8221; facebook_url=&#8221;mailto:mikaela@aglaia.se&#8221; icon_color=&#8221;#4b753b&#8221; admin_label=&#8221;Member 01&#8243; _builder_version=&#8221;4.27.4&#8243; header_font=&#8221;&#8211;et_global_body_font||on||||||&#8221; header_text_color=&#8221;#FFFFFF&#8221; header_font_size=&#8221;25px&#8221; header_line_height=&#8221;2em&#8221; body_text_color=&#8221;#666666&#8243; body_font_size=&#8221;16px&#8221; background_size=&#8221;initial&#8221; background_position=&#8221;top_left&#8221; background_repeat=&#8221;repeat&#8221; text_orientation=&#8221;center&#8221; background_layout=&#8221;dark&#8221; custom_padding=&#8221;|||&#8221; animation_style=&#8221;fold&#8221; animation_direction=&#8221;bottom&#8221; animation_delay=&#8221;100ms&#8221; animation_intensity_fold=&#8221;20%&#8221; custom_css_free_form=&#8221;selector .et_pb_facebook_icon:before {||    content: %22%92e010%22!important;||}&#8221; locked=&#8221;off&#8221; global_colors_info=&#8221;{}&#8221;]<\/p>\n<h6><span>Redovisningskonsult<\/span><\/h6>\n<p>[\/et_pb_team_member][\/et_pb_column][\/et_pb_row][et_pb_row column_structure=&#8221;1_3,1_3,1_3&#8243; use_custom_gutter=&#8221;on&#8221; gutter_width=&#8221;2&#8243; _builder_version=&#8221;4.16&#8243; background_size=&#8221;initial&#8221; background_position=&#8221;top_left&#8221; background_repeat=&#8221;repeat&#8221; custom_padding=&#8221;44px|0px|27px|0px&#8221; global_colors_info=&#8221;{}&#8221;][et_pb_column type=&#8221;1_3&#8243; _builder_version=&#8221;4.16&#8243; custom_padding=&#8221;|||&#8221; global_colors_info=&#8221;{}&#8221; custom_padding__hover=&#8221;|||&#8221;][et_pb_team_member name=&#8221;Carin&#8221; image_url=&#8221;https:\/\/showcase.amgitsupport.se\/wp-content\/uploads\/2025\/09\/Carin-rotated.jpg&#8221; facebook_url=&#8221;mailto:carin@aglaia.se&#8221; icon_color=&#8221;#4b753b&#8221; admin_label=&#8221;Member 01&#8243; _builder_version=&#8221;4.27.4&#8243; header_font=&#8221;&#8211;et_global_body_font||on||||||&#8221; header_text_color=&#8221;#FFFFFF&#8221; header_font_size=&#8221;25px&#8221; header_line_height=&#8221;2em&#8221; body_text_color=&#8221;#666666&#8243; body_font_size=&#8221;16px&#8221; background_size=&#8221;initial&#8221; background_position=&#8221;top_left&#8221; background_repeat=&#8221;repeat&#8221; text_orientation=&#8221;center&#8221; background_layout=&#8221;dark&#8221; custom_padding=&#8221;|||&#8221; animation_style=&#8221;fold&#8221; animation_direction=&#8221;bottom&#8221; animation_delay=&#8221;100ms&#8221; animation_intensity_fold=&#8221;20%&#8221; custom_css_free_form=&#8221;selector .et_pb_facebook_icon:before {||    content: %22%92e010%22!important;||}&#8221; global_colors_info=&#8221;{}&#8221;]<\/p>\n<h6><span>Redovisningskonsult<\/span><\/h6>\n<p>[\/et_pb_team_member][\/et_pb_column][et_pb_column type=&#8221;1_3&#8243; _builder_version=&#8221;4.16&#8243; custom_padding=&#8221;|||&#8221; global_colors_info=&#8221;{}&#8221; custom_padding__hover=&#8221;|||&#8221;][et_pb_team_member name=&#8221;Gaby&#8221; image_url=&#8221;https:\/\/showcase.amgitsupport.se\/wp-content\/uploads\/2025\/09\/Gaby-rotated.jpg&#8221; facebook_url=&#8221;mailto:gaby@aglaia.se&#8221; icon_color=&#8221;#4b753b&#8221; admin_label=&#8221;Member 01&#8243; _builder_version=&#8221;4.27.4&#8243; header_font=&#8221;&#8211;et_global_body_font||on||||||&#8221; header_text_color=&#8221;#FFFFFF&#8221; header_font_size=&#8221;25px&#8221; header_line_height=&#8221;2em&#8221; body_text_color=&#8221;#666666&#8243; body_font_size=&#8221;16px&#8221; background_size=&#8221;initial&#8221; background_position=&#8221;top_left&#8221; background_repeat=&#8221;repeat&#8221; text_orientation=&#8221;center&#8221; background_layout=&#8221;dark&#8221; custom_padding=&#8221;|||&#8221; animation_style=&#8221;fold&#8221; animation_direction=&#8221;bottom&#8221; animation_delay=&#8221;100ms&#8221; animation_intensity_fold=&#8221;20%&#8221; custom_css_free_form=&#8221;selector .et_pb_facebook_icon:before {||    content: %22%92e010%22!important;||}&#8221; locked=&#8221;off&#8221; global_colors_info=&#8221;{}&#8221;]<\/p>\n<h6><span>Redovisningskonsult<\/span><\/h6>\n<p>[\/et_pb_team_member][\/et_pb_column][et_pb_column type=&#8221;1_3&#8243; _builder_version=&#8221;4.16&#8243; custom_padding=&#8221;|||&#8221; global_colors_info=&#8221;{}&#8221; custom_padding__hover=&#8221;|||&#8221;][et_pb_team_member name=&#8221;Jakob&#8221; image_url=&#8221;https:\/\/showcase.amgitsupport.se\/wp-content\/uploads\/2025\/09\/Jakob-rotated.jpg&#8221; facebook_url=&#8221;mailto:jakob@aglaia.se&#8221; icon_color=&#8221;#4b753b&#8221; admin_label=&#8221;Member 01&#8243; _builder_version=&#8221;4.27.4&#8243; header_font=&#8221;&#8211;et_global_body_font||on||||||&#8221; header_text_color=&#8221;#FFFFFF&#8221; header_font_size=&#8221;25px&#8221; header_line_height=&#8221;2em&#8221; body_text_color=&#8221;#666666&#8243; body_font_size=&#8221;16px&#8221; background_size=&#8221;initial&#8221; background_position=&#8221;top_left&#8221; background_repeat=&#8221;repeat&#8221; text_orientation=&#8221;center&#8221; background_layout=&#8221;dark&#8221; custom_padding=&#8221;|||&#8221; animation_style=&#8221;fold&#8221; animation_direction=&#8221;bottom&#8221; animation_delay=&#8221;100ms&#8221; animation_intensity_fold=&#8221;20%&#8221; custom_css_free_form=&#8221;selector .et_pb_facebook_icon:before {||    content: %22%92e010%22!important;||}&#8221; locked=&#8221;off&#8221; global_colors_info=&#8221;{}&#8221;]<\/p>\n<h6><span>Redovisningskonsult<\/span><\/h6>\n<p>[\/et_pb_team_member][\/et_pb_column][\/et_pb_row][et_pb_row column_structure=&#8221;1_3,1_3,1_3&#8243; use_custom_gutter=&#8221;on&#8221; gutter_width=&#8221;2&#8243; _builder_version=&#8221;4.16&#8243; background_size=&#8221;initial&#8221; background_position=&#8221;top_left&#8221; background_repeat=&#8221;repeat&#8221; custom_padding=&#8221;44px|0px|27px|0px&#8221; global_colors_info=&#8221;{}&#8221;][et_pb_column type=&#8221;1_3&#8243; _builder_version=&#8221;4.16&#8243; custom_padding=&#8221;|||&#8221; global_colors_info=&#8221;{}&#8221; custom_padding__hover=&#8221;|||&#8221;][et_pb_team_member name=&#8221;Irene&#8221; position=&#8221;Ink\u00f6pare&#8221; image_url=&#8221;https:\/\/showcase.amgitsupport.se\/wp-content\/uploads\/2025\/09\/Irene-rotated.jpg&#8221; facebook_url=&#8221;mailto:irene@aglaia.se&#8221; icon_color=&#8221;#4b753b&#8221; admin_label=&#8221;Member 01&#8243; _builder_version=&#8221;4.27.4&#8243; header_font=&#8221;&#8211;et_global_body_font||on||||||&#8221; header_text_color=&#8221;#FFFFFF&#8221; header_font_size=&#8221;25px&#8221; header_line_height=&#8221;2em&#8221; body_text_color=&#8221;#666666&#8243; body_font_size=&#8221;16px&#8221; background_size=&#8221;initial&#8221; background_position=&#8221;top_left&#8221; background_repeat=&#8221;repeat&#8221; text_orientation=&#8221;center&#8221; background_layout=&#8221;dark&#8221; custom_padding=&#8221;|||&#8221; animation_style=&#8221;fold&#8221; animation_direction=&#8221;bottom&#8221; animation_delay=&#8221;100ms&#8221; animation_intensity_fold=&#8221;20%&#8221; custom_css_free_form=&#8221;selector .et_pb_facebook_icon:before {||    content: %22%92e010%22!important;||}&#8221; global_colors_info=&#8221;{}&#8221;]<\/p>\n<h6><span>Ekonomiassistent<\/span><\/h6>\n<p>[\/et_pb_team_member][\/et_pb_column][et_pb_column type=&#8221;1_3&#8243; _builder_version=&#8221;4.16&#8243; custom_padding=&#8221;|||&#8221; global_colors_info=&#8221;{}&#8221; custom_padding__hover=&#8221;|||&#8221;][et_pb_team_member name=&#8221;Petra&#8221; image_url=&#8221;https:\/\/showcase.amgitsupport.se\/wp-content\/uploads\/2025\/09\/Petra-scaled.jpg&#8221; facebook_url=&#8221;mailto:petra@aglaia.se&#8221; icon_color=&#8221;#4b753b&#8221; admin_label=&#8221;Member 01&#8243; _builder_version=&#8221;4.27.4&#8243; header_font=&#8221;&#8211;et_global_body_font||on||||||&#8221; header_text_color=&#8221;#FFFFFF&#8221; header_font_size=&#8221;25px&#8221; header_line_height=&#8221;2em&#8221; body_text_color=&#8221;#666666&#8243; body_font_size=&#8221;16px&#8221; background_size=&#8221;initial&#8221; background_position=&#8221;top_left&#8221; background_repeat=&#8221;repeat&#8221; text_orientation=&#8221;center&#8221; background_layout=&#8221;dark&#8221; custom_padding=&#8221;|||&#8221; animation_style=&#8221;fold&#8221; animation_direction=&#8221;bottom&#8221; animation_delay=&#8221;100ms&#8221; animation_intensity_fold=&#8221;20%&#8221; custom_css_free_form=&#8221;selector .et_pb_facebook_icon:before {||    content: %22%92e010%22!important;||}&#8221; locked=&#8221;off&#8221; global_colors_info=&#8221;{}&#8221;]<\/p>\n<h6><span>Ekonomiassistent<\/span><\/h6>\n<p>[\/et_pb_team_member][\/et_pb_column][et_pb_column type=&#8221;1_3&#8243; _builder_version=&#8221;4.16&#8243; custom_padding=&#8221;|||&#8221; global_colors_info=&#8221;{}&#8221; custom_padding__hover=&#8221;|||&#8221;][et_pb_team_member name=&#8221;Sandra&#8221; image_url=&#8221;https:\/\/showcase.amgitsupport.se\/wp-content\/uploads\/2025\/09\/Sandra-rotated.jpg&#8221; facebook_url=&#8221;mailto:sandra@aglaia.se&#8221; icon_color=&#8221;#4b753b&#8221; admin_label=&#8221;Member 01&#8243; _builder_version=&#8221;4.27.4&#8243; header_font=&#8221;&#8211;et_global_body_font||on||||||&#8221; header_text_color=&#8221;#FFFFFF&#8221; header_font_size=&#8221;25px&#8221; header_line_height=&#8221;2em&#8221; body_text_color=&#8221;#666666&#8243; body_font_size=&#8221;16px&#8221; background_size=&#8221;initial&#8221; background_position=&#8221;top_left&#8221; background_repeat=&#8221;repeat&#8221; text_orientation=&#8221;center&#8221; background_layout=&#8221;dark&#8221; custom_padding=&#8221;|||&#8221; animation_style=&#8221;fold&#8221; animation_direction=&#8221;bottom&#8221; animation_delay=&#8221;100ms&#8221; animation_intensity_fold=&#8221;20%&#8221; custom_css_free_form=&#8221;selector .et_pb_facebook_icon:before {||    content: %22%92e010%22!important;||}&#8221; locked=&#8221;off&#8221; global_colors_info=&#8221;{}&#8221;]<\/p>\n<h6><span>Ekonomiassistent<\/span><\/h6>\n<p>[\/et_pb_team_member][\/et_pb_column][\/et_pb_row][\/et_pb_section]<\/p>\n","protected":false},"excerpt":{"rendered":"<p>Vi jobbar p\u00e5 AGLAIA EKONOMIAuktoriserad Redovisningskonsult Aff\u00e4rsr\u00e5dgivareAuktoriserad Redovisningskonsult Aff\u00e4rsr\u00e5dgivareRedovisningskonsultRedovisningskonsultRedovisningskonsultRedovisningskonsultEkonomiassistentEkonomiassistentEkonomiassistent<\/p>\n","protected":false},"author":1,"featured_media":0,"parent":0,"menu_order":0,"comment_status":"closed","ping_status":"closed","template":"","meta":{"_et_pb_use_builder":"on","_et_pb_old_content":"","_et_gb_content_width":"","footnotes":""},"class_list":["post-61","page","type-page","status-publish","hentry"],"_links":{"self":[{"href":"https:\/\/showcase.amgitsupport.se\/index.php?rest_route=\/wp\/v2\/pages\/61","targetHints":{"allow":["GET"]}}],"collection":[{"href":"https:\/\/showcase.amgitsupport.se\/index.php?rest_route=\/wp\/v2\/pages"}],"about":[{"href":"https:\/\/showcase.amgitsupport.se\/index.php?rest_route=\/wp\/v2\/types\/page"}],"author":[{"embeddable":true,"href":"https:\/\/showcase.amgitsupport.se\/index.php?rest_route=\/wp\/v2\/users\/1"}],"replies":[{"embeddable":true,"href":"https:\/\/showcase.amgitsupport.se\/index.php?rest_route=%2Fwp%2Fv2%2Fcomments&post=61"}],"version-history":[{"count":23,"href":"https:\/\/showcase.amgitsupport.se\/index.php?rest_route=\/wp\/v2\/pages\/61\/revisions"}],"predecessor-version":[{"id":287,"href":"https:\/\/showcase.amgitsupport.se\/index.php?rest_route=\/wp\/v2\/pages\/61\/revisions\/287"}],"wp:attachment":[{"href":"https:\/\/showcase.amgitsupport.se\/index.php?rest_route=%2Fwp%2Fv2%2Fmedia&parent=61"}],"curies":[{"name":"wp","href":"https:\/\/api.w.org\/{rel}","templated":true}]}}